{"id":9182,"date":"2024-06-09T09:19:20","date_gmt":"2024-06-09T07:19:20","guid":{"rendered":"https:\/\/accroch-notes.fr\/?page_id=9182"},"modified":"2025-04-26T08:14:06","modified_gmt":"2025-04-26T06:14:06","slug":"neo-les-choeurs-2024-choeur-des-hommes","status":"publish","type":"page","link":"https:\/\/accroch-notes.fr\/index.php\/neo-les-choeurs-2024-choeur-des-hommes\/","title":{"rendered":"N\u00e9o les Ch\u0153urs 2024 &#8211; Ch\u0153ur des hommes"},"content":{"rendered":"<a class=\"continue-reading-link\" href=\"https:\/\/accroch-notes.fr\/index.php\/neo-les-choeurs-2024-choeur-des-hommes\/\"><span>Lire la suite...<\/span><em class=\"screen-reader-text\">\"N\u00e9o les Ch\u0153urs 2024 &#8211; Ch\u0153ur des hommes\"<\/em><i class=\"icon-angle-right\"><\/i><\/a>","protected":false},"excerpt":{"rendered":"<p>Lire la suite&#8230;\u00a0\u00bbN\u00e9o les Ch\u0153urs 2024 &#8211; Ch\u0153ur des hommes\u00a0\u00bb<\/p>\n","protected":false},"author":1,"featured_media":0,"parent":0,"menu_order":0,"comment_status":"closed","ping_status":"closed","template":"","meta":{"footnotes":""},"class_list":["post-9182","page","type-page","status-publish","hentry"],"_links":{"self":[{"href":"https:\/\/accroch-notes.fr\/index.php\/wp-json\/wp\/v2\/pages\/9182","targetHints":{"allow":["GET"]}}],"collection":[{"href":"https:\/\/accroch-notes.fr\/index.php\/wp-json\/wp\/v2\/pages"}],"about":[{"href":"https:\/\/accroch-notes.fr\/index.php\/wp-json\/wp\/v2\/types\/page"}],"author":[{"embeddable":true,"href":"https:\/\/accroch-notes.fr\/index.php\/wp-json\/wp\/v2\/users\/1"}],"replies":[{"embeddable":true,"href":"https:\/\/accroch-notes.fr\/index.php\/wp-json\/wp\/v2\/comments?post=9182"}],"version-history":[{"count":1,"href":"https:\/\/accroch-notes.fr\/index.php\/wp-json\/wp\/v2\/pages\/9182\/revisions"}],"predecessor-version":[{"id":9183,"href":"https:\/\/accroch-notes.fr\/index.php\/wp-json\/wp\/v2\/pages\/9182\/revisions\/9183"}],"wp:attachment":[{"href":"https:\/\/accroch-notes.fr\/index.php\/wp-json\/wp\/v2\/media?parent=9182"}],"curies":[{"name":"wp","href":"https:\/\/api.w.org\/{rel}","templated":true}]}}