{"id":9091,"date":"2024-06-09T09:09:40","date_gmt":"2024-06-09T07:09:40","guid":{"rendered":"https:\/\/accroch-notes.fr\/?page_id=9091"},"modified":"2024-06-09T09:09:42","modified_gmt":"2024-06-09T07:09:42","slug":"neo-les-choeurs-2024-voix-de-saint-die","status":"publish","type":"page","link":"https:\/\/accroch-notes.fr\/index.php\/neo-les-choeurs-2024-voix-de-saint-die\/","title":{"rendered":"N\u00e9o les Ch\u0153urs 2024 &#8211; Voix de Saint Di\u00e9"},"content":{"rendered":"<a class=\"continue-reading-link\" href=\"https:\/\/accroch-notes.fr\/index.php\/neo-les-choeurs-2024-voix-de-saint-die\/\"><span>Lire la suite...<\/span><em class=\"screen-reader-text\">\"N\u00e9o les Ch\u0153urs 2024 &#8211; Voix de Saint Di\u00e9\"<\/em><i class=\"icon-angle-right\"><\/i><\/a>","protected":false},"excerpt":{"rendered":"<p>Lire la suite&#8230;\u00a0\u00bbN\u00e9o les Ch\u0153urs 2024 &#8211; Voix de Saint Di\u00e9\u00a0\u00bb<\/p>\n","protected":false},"author":1,"featured_media":0,"parent":0,"menu_order":0,"comment_status":"closed","ping_status":"closed","template":"","meta":{"footnotes":""},"class_list":["post-9091","page","type-page","status-publish","hentry"],"_links":{"self":[{"href":"https:\/\/accroch-notes.fr\/index.php\/wp-json\/wp\/v2\/pages\/9091","targetHints":{"allow":["GET"]}}],"collection":[{"href":"https:\/\/accroch-notes.fr\/index.php\/wp-json\/wp\/v2\/pages"}],"about":[{"href":"https:\/\/accroch-notes.fr\/index.php\/wp-json\/wp\/v2\/types\/page"}],"author":[{"embeddable":true,"href":"https:\/\/accroch-notes.fr\/index.php\/wp-json\/wp\/v2\/users\/1"}],"replies":[{"embeddable":true,"href":"https:\/\/accroch-notes.fr\/index.php\/wp-json\/wp\/v2\/comments?post=9091"}],"version-history":[{"count":1,"href":"https:\/\/accroch-notes.fr\/index.php\/wp-json\/wp\/v2\/pages\/9091\/revisions"}],"predecessor-version":[{"id":9092,"href":"https:\/\/accroch-notes.fr\/index.php\/wp-json\/wp\/v2\/pages\/9091\/revisions\/9092"}],"wp:attachment":[{"href":"https:\/\/accroch-notes.fr\/index.php\/wp-json\/wp\/v2\/media?parent=9091"}],"curies":[{"name":"wp","href":"https:\/\/api.w.org\/{rel}","templated":true}]}}