{"id":8854,"date":"2024-06-08T16:59:12","date_gmt":"2024-06-08T14:59:12","guid":{"rendered":"https:\/\/accroch-notes.fr\/?page_id=8854"},"modified":"2024-06-08T16:59:14","modified_gmt":"2024-06-08T14:59:14","slug":"neo-les-choeurs-2024-neuf-de-choeur","status":"publish","type":"page","link":"https:\/\/accroch-notes.fr\/index.php\/neo-les-choeurs-2024-neuf-de-choeur\/","title":{"rendered":"N\u00e9o les Ch\u0153urs 2024 &#8211; Neuf de Ch\u0153ur"},"content":{"rendered":"<a class=\"continue-reading-link\" href=\"https:\/\/accroch-notes.fr\/index.php\/neo-les-choeurs-2024-neuf-de-choeur\/\"><span>Lire la suite...<\/span><em class=\"screen-reader-text\">\"N\u00e9o les Ch\u0153urs 2024 &#8211; Neuf de Ch\u0153ur\"<\/em><i class=\"icon-angle-right\"><\/i><\/a>","protected":false},"excerpt":{"rendered":"<p>Lire la suite&#8230;\u00a0\u00bbN\u00e9o les Ch\u0153urs 2024 &#8211; Neuf de Ch\u0153ur\u00a0\u00bb<\/p>\n","protected":false},"author":1,"featured_media":0,"parent":0,"menu_order":0,"comment_status":"closed","ping_status":"closed","template":"","meta":{"footnotes":""},"class_list":["post-8854","page","type-page","status-publish","hentry"],"_links":{"self":[{"href":"https:\/\/accroch-notes.fr\/index.php\/wp-json\/wp\/v2\/pages\/8854","targetHints":{"allow":["GET"]}}],"collection":[{"href":"https:\/\/accroch-notes.fr\/index.php\/wp-json\/wp\/v2\/pages"}],"about":[{"href":"https:\/\/accroch-notes.fr\/index.php\/wp-json\/wp\/v2\/types\/page"}],"author":[{"embeddable":true,"href":"https:\/\/accroch-notes.fr\/index.php\/wp-json\/wp\/v2\/users\/1"}],"replies":[{"embeddable":true,"href":"https:\/\/accroch-notes.fr\/index.php\/wp-json\/wp\/v2\/comments?post=8854"}],"version-history":[{"count":1,"href":"https:\/\/accroch-notes.fr\/index.php\/wp-json\/wp\/v2\/pages\/8854\/revisions"}],"predecessor-version":[{"id":8855,"href":"https:\/\/accroch-notes.fr\/index.php\/wp-json\/wp\/v2\/pages\/8854\/revisions\/8855"}],"wp:attachment":[{"href":"https:\/\/accroch-notes.fr\/index.php\/wp-json\/wp\/v2\/media?parent=8854"}],"curies":[{"name":"wp","href":"https:\/\/api.w.org\/{rel}","templated":true}]}}