{"id":8290,"date":"2024-06-08T09:11:29","date_gmt":"2024-06-08T07:11:29","guid":{"rendered":"https:\/\/accroch-notes.fr\/?page_id=8290"},"modified":"2024-06-09T10:00:34","modified_gmt":"2024-06-09T08:00:34","slug":"neo-les-choeurs-2024","status":"publish","type":"page","link":"https:\/\/accroch-notes.fr\/index.php\/neo-les-choeurs-2024\/","title":{"rendered":"N\u00e9o les Ch\u0153urs 2024 &#8211; Photos"},"content":{"rendered":"Ch\u0153ur de loup &#8211; Ch\u00e2tenois Atout ch\u0153ur &#8211; Ch\u00e2tenois Bouche<a class=\"continue-reading-link\" href=\"https:\/\/accroch-notes.fr\/index.php\/neo-les-choeurs-2024\/\"><span>Lire la suite...<\/span><em class=\"screen-reader-text\">\"N\u00e9o les Ch\u0153urs 2024 &#8211; Photos\"<\/em><i class=\"icon-angle-right\"><\/i><\/a>","protected":false},"excerpt":{"rendered":"<p>Ch\u0153ur de loup &#8211; Ch\u00e2tenois Bouche \u00e0 Oreille &#8211; HarolLire la suite&#8230;\u00a0\u00bbN\u00e9o les Ch\u0153urs 2024 &#8211; Photos\u00a0\u00bb<\/p>\n","protected":false},"author":1,"featured_media":0,"parent":0,"menu_order":0,"comment_status":"closed","ping_status":"closed","template":"","meta":{"footnotes":""},"class_list":["post-8290","page","type-page","status-publish","hentry"],"_links":{"self":[{"href":"https:\/\/accroch-notes.fr\/index.php\/wp-json\/wp\/v2\/pages\/8290","targetHints":{"allow":["GET"]}}],"collection":[{"href":"https:\/\/accroch-notes.fr\/index.php\/wp-json\/wp\/v2\/pages"}],"about":[{"href":"https:\/\/accroch-notes.fr\/index.php\/wp-json\/wp\/v2\/types\/page"}],"author":[{"embeddable":true,"href":"https:\/\/accroch-notes.fr\/index.php\/wp-json\/wp\/v2\/users\/1"}],"replies":[{"embeddable":true,"href":"https:\/\/accroch-notes.fr\/index.php\/wp-json\/wp\/v2\/comments?post=8290"}],"version-history":[{"count":22,"href":"https:\/\/accroch-notes.fr\/index.php\/wp-json\/wp\/v2\/pages\/8290\/revisions"}],"predecessor-version":[{"id":9207,"href":"https:\/\/accroch-notes.fr\/index.php\/wp-json\/wp\/v2\/pages\/8290\/revisions\/9207"}],"wp:attachment":[{"href":"https:\/\/accroch-notes.fr\/index.php\/wp-json\/wp\/v2\/media?parent=8290"}],"curies":[{"name":"wp","href":"https:\/\/api.w.org\/{rel}","templated":true}]}}