{"id":6783,"date":"2023-12-04T22:43:05","date_gmt":"2023-12-04T21:43:05","guid":{"rendered":"https:\/\/accroch-notes.fr\/?page_id=6783"},"modified":"2023-12-04T22:43:06","modified_gmt":"2023-12-04T21:43:06","slug":"trait-dunion-neufchateau-28-novembre-2023","status":"publish","type":"page","link":"https:\/\/accroch-notes.fr\/index.php\/trait-dunion-neufchateau-28-novembre-2023\/","title":{"rendered":"Trait d&rsquo;Union Neufch\u00e2teau &#8211; 28 novembre 2023"},"content":{"rendered":"R\u00e9p\u00e9tition g\u00e9n\u00e9rale<a class=\"continue-reading-link\" href=\"https:\/\/accroch-notes.fr\/index.php\/trait-dunion-neufchateau-28-novembre-2023\/\"><span>Lire la suite...<\/span><em class=\"screen-reader-text\">\"Trait d&rsquo;Union Neufch\u00e2teau &#8211; 28 novembre 2023\"<\/em><i class=\"icon-angle-right\"><\/i><\/a>","protected":false},"excerpt":{"rendered":"<p>R\u00e9p\u00e9tition g\u00e9n\u00e9raleLire la suite&#8230;\u00a0\u00bbTrait d&rsquo;Union Neufch\u00e2teau &#8211; 28 novembre 2023&Prime;<\/p>\n","protected":false},"author":1,"featured_media":0,"parent":0,"menu_order":0,"comment_status":"closed","ping_status":"closed","template":"","meta":{"footnotes":""},"class_list":["post-6783","page","type-page","status-publish","hentry"],"_links":{"self":[{"href":"https:\/\/accroch-notes.fr\/index.php\/wp-json\/wp\/v2\/pages\/6783","targetHints":{"allow":["GET"]}}],"collection":[{"href":"https:\/\/accroch-notes.fr\/index.php\/wp-json\/wp\/v2\/pages"}],"about":[{"href":"https:\/\/accroch-notes.fr\/index.php\/wp-json\/wp\/v2\/types\/page"}],"author":[{"embeddable":true,"href":"https:\/\/accroch-notes.fr\/index.php\/wp-json\/wp\/v2\/users\/1"}],"replies":[{"embeddable":true,"href":"https:\/\/accroch-notes.fr\/index.php\/wp-json\/wp\/v2\/comments?post=6783"}],"version-history":[{"count":1,"href":"https:\/\/accroch-notes.fr\/index.php\/wp-json\/wp\/v2\/pages\/6783\/revisions"}],"predecessor-version":[{"id":6784,"href":"https:\/\/accroch-notes.fr\/index.php\/wp-json\/wp\/v2\/pages\/6783\/revisions\/6784"}],"wp:attachment":[{"href":"https:\/\/accroch-notes.fr\/index.php\/wp-json\/wp\/v2\/media?parent=6783"}],"curies":[{"name":"wp","href":"https:\/\/api.w.org\/{rel}","templated":true}]}}