{"id":6282,"date":"2023-10-23T18:48:04","date_gmt":"2023-10-23T16:48:04","guid":{"rendered":"https:\/\/accroch-notes.fr\/?page_id=6282"},"modified":"2025-12-22T16:41:31","modified_gmt":"2025-12-22T15:41:31","slug":"recettes-de-cuisine","status":"publish","type":"page","link":"https:\/\/accroch-notes.fr\/index.php\/recettes-de-cuisine\/","title":{"rendered":"Recettes des choristes"},"content":{"rendered":"Goug\u00e8resT\u00e9l\u00e9charger Pain d&rsquo;\u00e9pices-1T\u00e9l\u00e9charger Pain d&rsquo;\u00e9pices-2T\u00e9l\u00e9charger Cr\u00e8me caramelT\u00e9l\u00e9charger Petits-pains-a-la-cannelleT\u00e9l\u00e9charger Gateau AmandesT\u00e9l\u00e9charger<a class=\"continue-reading-link\" href=\"https:\/\/accroch-notes.fr\/index.php\/recettes-de-cuisine\/\"><span>Lire la suite...<\/span><em class=\"screen-reader-text\">\"Recettes des choristes\"<\/em><i class=\"icon-angle-right\"><\/i><\/a>","protected":false},"excerpt":{"rendered":"<p>Lire la suite&#8230;\u00a0\u00bbRecettes des choristes\u00a0\u00bb<\/p>\n","protected":false},"author":1,"featured_media":0,"parent":0,"menu_order":0,"comment_status":"closed","ping_status":"closed","template":"","meta":{"footnotes":""},"class_list":["post-6282","page","type-page","status-publish","hentry"],"_links":{"self":[{"href":"https:\/\/accroch-notes.fr\/index.php\/wp-json\/wp\/v2\/pages\/6282","targetHints":{"allow":["GET"]}}],"collection":[{"href":"https:\/\/accroch-notes.fr\/index.php\/wp-json\/wp\/v2\/pages"}],"about":[{"href":"https:\/\/accroch-notes.fr\/index.php\/wp-json\/wp\/v2\/types\/page"}],"author":[{"embeddable":true,"href":"https:\/\/accroch-notes.fr\/index.php\/wp-json\/wp\/v2\/users\/1"}],"replies":[{"embeddable":true,"href":"https:\/\/accroch-notes.fr\/index.php\/wp-json\/wp\/v2\/comments?post=6282"}],"version-history":[{"count":13,"href":"https:\/\/accroch-notes.fr\/index.php\/wp-json\/wp\/v2\/pages\/6282\/revisions"}],"predecessor-version":[{"id":12427,"href":"https:\/\/accroch-notes.fr\/index.php\/wp-json\/wp\/v2\/pages\/6282\/revisions\/12427"}],"wp:attachment":[{"href":"https:\/\/accroch-notes.fr\/index.php\/wp-json\/wp\/v2\/media?parent=6282"}],"curies":[{"name":"wp","href":"https:\/\/api.w.org\/{rel}","templated":true}]}}