{"id":5262,"date":"2023-02-08T09:14:21","date_gmt":"2023-02-08T08:14:21","guid":{"rendered":"https:\/\/accroch-notes.fr\/?page_id=5262"},"modified":"2023-02-08T09:14:22","modified_gmt":"2023-02-08T08:14:22","slug":"assemblee-generale-extraordinaire-02-2023","status":"publish","type":"page","link":"https:\/\/accroch-notes.fr\/index.php\/assemblee-generale-extraordinaire-02-2023\/","title":{"rendered":"Assembl\u00e9e g\u00e9n\u00e9rale extraordinaire &#8211; 02\/2023"},"content":{"rendered":"<a class=\"continue-reading-link\" href=\"https:\/\/accroch-notes.fr\/index.php\/assemblee-generale-extraordinaire-02-2023\/\"><span>Lire la suite...<\/span><em class=\"screen-reader-text\">\"Assembl\u00e9e g\u00e9n\u00e9rale extraordinaire &#8211; 02\/2023\"<\/em><i class=\"icon-angle-right\"><\/i><\/a>","protected":false},"excerpt":{"rendered":"<p>Lire la suite&#8230;\u00a0\u00bbAssembl\u00e9e g\u00e9n\u00e9rale extraordinaire &#8211; 02\/2023&Prime;<\/p>\n","protected":false},"author":1,"featured_media":0,"parent":0,"menu_order":0,"comment_status":"closed","ping_status":"closed","template":"","meta":{"footnotes":""},"class_list":["post-5262","page","type-page","status-publish","hentry"],"_links":{"self":[{"href":"https:\/\/accroch-notes.fr\/index.php\/wp-json\/wp\/v2\/pages\/5262","targetHints":{"allow":["GET"]}}],"collection":[{"href":"https:\/\/accroch-notes.fr\/index.php\/wp-json\/wp\/v2\/pages"}],"about":[{"href":"https:\/\/accroch-notes.fr\/index.php\/wp-json\/wp\/v2\/types\/page"}],"author":[{"embeddable":true,"href":"https:\/\/accroch-notes.fr\/index.php\/wp-json\/wp\/v2\/users\/1"}],"replies":[{"embeddable":true,"href":"https:\/\/accroch-notes.fr\/index.php\/wp-json\/wp\/v2\/comments?post=5262"}],"version-history":[{"count":2,"href":"https:\/\/accroch-notes.fr\/index.php\/wp-json\/wp\/v2\/pages\/5262\/revisions"}],"predecessor-version":[{"id":5268,"href":"https:\/\/accroch-notes.fr\/index.php\/wp-json\/wp\/v2\/pages\/5262\/revisions\/5268"}],"wp:attachment":[{"href":"https:\/\/accroch-notes.fr\/index.php\/wp-json\/wp\/v2\/media?parent=5262"}],"curies":[{"name":"wp","href":"https:\/\/api.w.org\/{rel}","templated":true}]}}