{"id":5022,"date":"2022-12-02T09:19:38","date_gmt":"2022-12-02T08:19:38","guid":{"rendered":"https:\/\/accroch-notes.fr\/?page_id=5022"},"modified":"2022-12-02T09:34:59","modified_gmt":"2022-12-02T08:34:59","slug":"assemblee-generale-2022","status":"publish","type":"page","link":"https:\/\/accroch-notes.fr\/index.php\/assemblee-generale-2022\/","title":{"rendered":"Assembl\u00e9e g\u00e9n\u00e9rale 2022"},"content":{"rendered":"<a class=\"continue-reading-link\" href=\"https:\/\/accroch-notes.fr\/index.php\/assemblee-generale-2022\/\"><span>Lire la suite...<\/span><em class=\"screen-reader-text\">\"Assembl\u00e9e g\u00e9n\u00e9rale 2022\"<\/em><i class=\"icon-angle-right\"><\/i><\/a>","protected":false},"excerpt":{"rendered":"<p>Lire la suite&#8230;\u00a0\u00bbAssembl\u00e9e g\u00e9n\u00e9rale 2022&Prime;<\/p>\n","protected":false},"author":1,"featured_media":0,"parent":0,"menu_order":0,"comment_status":"closed","ping_status":"closed","template":"","meta":{"footnotes":""},"class_list":["post-5022","page","type-page","status-publish","hentry"],"_links":{"self":[{"href":"https:\/\/accroch-notes.fr\/index.php\/wp-json\/wp\/v2\/pages\/5022","targetHints":{"allow":["GET"]}}],"collection":[{"href":"https:\/\/accroch-notes.fr\/index.php\/wp-json\/wp\/v2\/pages"}],"about":[{"href":"https:\/\/accroch-notes.fr\/index.php\/wp-json\/wp\/v2\/types\/page"}],"author":[{"embeddable":true,"href":"https:\/\/accroch-notes.fr\/index.php\/wp-json\/wp\/v2\/users\/1"}],"replies":[{"embeddable":true,"href":"https:\/\/accroch-notes.fr\/index.php\/wp-json\/wp\/v2\/comments?post=5022"}],"version-history":[{"count":3,"href":"https:\/\/accroch-notes.fr\/index.php\/wp-json\/wp\/v2\/pages\/5022\/revisions"}],"predecessor-version":[{"id":5031,"href":"https:\/\/accroch-notes.fr\/index.php\/wp-json\/wp\/v2\/pages\/5022\/revisions\/5031"}],"wp:attachment":[{"href":"https:\/\/accroch-notes.fr\/index.php\/wp-json\/wp\/v2\/media?parent=5022"}],"curies":[{"name":"wp","href":"https:\/\/api.w.org\/{rel}","templated":true}]}}