{"id":4585,"date":"2022-07-05T12:30:16","date_gmt":"2022-07-05T10:30:16","guid":{"rendered":"https:\/\/accroch-notes.fr\/?page_id=4585"},"modified":"2022-07-05T12:30:18","modified_gmt":"2022-07-05T10:30:18","slug":"neo-les-choeurs-2022-choeur-en-liberte","status":"publish","type":"page","link":"https:\/\/accroch-notes.fr\/index.php\/neo-les-choeurs-2022-choeur-en-liberte\/","title":{"rendered":"N\u00e9o les Ch\u0153urs 2022 &#8211; Ch\u0153ur en Libert\u00e9"},"content":{"rendered":"<a class=\"continue-reading-link\" href=\"https:\/\/accroch-notes.fr\/index.php\/neo-les-choeurs-2022-choeur-en-liberte\/\"><span>Lire la suite...<\/span><em class=\"screen-reader-text\">\"N\u00e9o les Ch\u0153urs 2022 &#8211; Ch\u0153ur en Libert\u00e9\"<\/em><i class=\"icon-angle-right\"><\/i><\/a>","protected":false},"excerpt":{"rendered":"<p>Lire la suite&#8230;\u00a0\u00bbN\u00e9o les Ch\u0153urs 2022 &#8211; Ch\u0153ur en Libert\u00e9\u00a0\u00bb<\/p>\n","protected":false},"author":1,"featured_media":0,"parent":0,"menu_order":0,"comment_status":"closed","ping_status":"closed","template":"","meta":{"footnotes":""},"class_list":["post-4585","page","type-page","status-publish","hentry"],"_links":{"self":[{"href":"https:\/\/accroch-notes.fr\/index.php\/wp-json\/wp\/v2\/pages\/4585","targetHints":{"allow":["GET"]}}],"collection":[{"href":"https:\/\/accroch-notes.fr\/index.php\/wp-json\/wp\/v2\/pages"}],"about":[{"href":"https:\/\/accroch-notes.fr\/index.php\/wp-json\/wp\/v2\/types\/page"}],"author":[{"embeddable":true,"href":"https:\/\/accroch-notes.fr\/index.php\/wp-json\/wp\/v2\/users\/1"}],"replies":[{"embeddable":true,"href":"https:\/\/accroch-notes.fr\/index.php\/wp-json\/wp\/v2\/comments?post=4585"}],"version-history":[{"count":1,"href":"https:\/\/accroch-notes.fr\/index.php\/wp-json\/wp\/v2\/pages\/4585\/revisions"}],"predecessor-version":[{"id":4600,"href":"https:\/\/accroch-notes.fr\/index.php\/wp-json\/wp\/v2\/pages\/4585\/revisions\/4600"}],"wp:attachment":[{"href":"https:\/\/accroch-notes.fr\/index.php\/wp-json\/wp\/v2\/media?parent=4585"}],"curies":[{"name":"wp","href":"https:\/\/api.w.org\/{rel}","templated":true}]}}