{"id":4084,"date":"2022-07-05T11:38:36","date_gmt":"2022-07-05T09:38:36","guid":{"rendered":"https:\/\/accroch-notes.fr\/?page_id=4084"},"modified":"2022-07-05T11:38:37","modified_gmt":"2022-07-05T09:38:37","slug":"neo-les-choeurs-2022-la-cecilia","status":"publish","type":"page","link":"https:\/\/accroch-notes.fr\/index.php\/neo-les-choeurs-2022-la-cecilia\/","title":{"rendered":"N\u00e9o les Ch\u0153urs 2022 &#8211; La C\u00e9cilia"},"content":{"rendered":"<a class=\"continue-reading-link\" href=\"https:\/\/accroch-notes.fr\/index.php\/neo-les-choeurs-2022-la-cecilia\/\"><span>Lire la suite...<\/span><em class=\"screen-reader-text\">\"N\u00e9o les Ch\u0153urs 2022 &#8211; La C\u00e9cilia\"<\/em><i class=\"icon-angle-right\"><\/i><\/a>","protected":false},"excerpt":{"rendered":"<p>Lire la suite&#8230;\u00a0\u00bbN\u00e9o les Ch\u0153urs 2022 &#8211; La C\u00e9cilia\u00a0\u00bb<\/p>\n","protected":false},"author":1,"featured_media":0,"parent":0,"menu_order":0,"comment_status":"closed","ping_status":"closed","template":"","meta":{"footnotes":""},"class_list":["post-4084","page","type-page","status-publish","hentry"],"_links":{"self":[{"href":"https:\/\/accroch-notes.fr\/index.php\/wp-json\/wp\/v2\/pages\/4084","targetHints":{"allow":["GET"]}}],"collection":[{"href":"https:\/\/accroch-notes.fr\/index.php\/wp-json\/wp\/v2\/pages"}],"about":[{"href":"https:\/\/accroch-notes.fr\/index.php\/wp-json\/wp\/v2\/types\/page"}],"author":[{"embeddable":true,"href":"https:\/\/accroch-notes.fr\/index.php\/wp-json\/wp\/v2\/users\/1"}],"replies":[{"embeddable":true,"href":"https:\/\/accroch-notes.fr\/index.php\/wp-json\/wp\/v2\/comments?post=4084"}],"version-history":[{"count":1,"href":"https:\/\/accroch-notes.fr\/index.php\/wp-json\/wp\/v2\/pages\/4084\/revisions"}],"predecessor-version":[{"id":4086,"href":"https:\/\/accroch-notes.fr\/index.php\/wp-json\/wp\/v2\/pages\/4084\/revisions\/4086"}],"wp:attachment":[{"href":"https:\/\/accroch-notes.fr\/index.php\/wp-json\/wp\/v2\/media?parent=4084"}],"curies":[{"name":"wp","href":"https:\/\/api.w.org\/{rel}","templated":true}]}}