{"id":2961,"date":"2021-12-14T12:10:21","date_gmt":"2021-12-14T11:10:21","guid":{"rendered":"https:\/\/accroch-notes.fr\/?page_id=2961"},"modified":"2022-02-23T16:14:02","modified_gmt":"2022-02-23T15:14:02","slug":"telethon-2021-rouvres-la-chetive","status":"publish","type":"page","link":"https:\/\/accroch-notes.fr\/index.php\/telethon-2021-rouvres-la-chetive\/","title":{"rendered":"T\u00e9l\u00e9thon 2021 &#8211; Rouvres la Ch\u00e9tive"},"content":{"rendered":"Photos de la soir\u00e9e &gt;&gt;&gt;<a class=\"continue-reading-link\" href=\"https:\/\/accroch-notes.fr\/index.php\/telethon-2021-rouvres-la-chetive\/\"><span>Lire la suite...<\/span><em class=\"screen-reader-text\">\"T\u00e9l\u00e9thon 2021 &#8211; Rouvres la Ch\u00e9tive\"<\/em><i class=\"icon-angle-right\"><\/i><\/a>","protected":false},"excerpt":{"rendered":"<p>Photos de la soir\u00e9e &gt;&gt;&gt;Lire la suite&#8230;\u00a0\u00bbT\u00e9l\u00e9thon 2021 &#8211; Rouvres la Ch\u00e9tive\u00a0\u00bb<\/p>\n","protected":false},"author":1,"featured_media":0,"parent":0,"menu_order":0,"comment_status":"closed","ping_status":"closed","template":"","meta":{"footnotes":""},"class_list":["post-2961","page","type-page","status-publish","hentry"],"_links":{"self":[{"href":"https:\/\/accroch-notes.fr\/index.php\/wp-json\/wp\/v2\/pages\/2961","targetHints":{"allow":["GET"]}}],"collection":[{"href":"https:\/\/accroch-notes.fr\/index.php\/wp-json\/wp\/v2\/pages"}],"about":[{"href":"https:\/\/accroch-notes.fr\/index.php\/wp-json\/wp\/v2\/types\/page"}],"author":[{"embeddable":true,"href":"https:\/\/accroch-notes.fr\/index.php\/wp-json\/wp\/v2\/users\/1"}],"replies":[{"embeddable":true,"href":"https:\/\/accroch-notes.fr\/index.php\/wp-json\/wp\/v2\/comments?post=2961"}],"version-history":[{"count":7,"href":"https:\/\/accroch-notes.fr\/index.php\/wp-json\/wp\/v2\/pages\/2961\/revisions"}],"predecessor-version":[{"id":3300,"href":"https:\/\/accroch-notes.fr\/index.php\/wp-json\/wp\/v2\/pages\/2961\/revisions\/3300"}],"wp:attachment":[{"href":"https:\/\/accroch-notes.fr\/index.php\/wp-json\/wp\/v2\/media?parent=2961"}],"curies":[{"name":"wp","href":"https:\/\/api.w.org\/{rel}","templated":true}]}}