{"id":2958,"date":"2021-12-14T11:58:28","date_gmt":"2021-12-14T10:58:28","guid":{"rendered":"https:\/\/accroch-notes.fr\/?page_id=2958"},"modified":"2021-12-14T12:00:01","modified_gmt":"2021-12-14T11:00:01","slug":"telethon-2021-rouvres-la-chetive-soiree-choucroute","status":"publish","type":"page","link":"https:\/\/accroch-notes.fr\/index.php\/telethon-2021-rouvres-la-chetive-soiree-choucroute\/","title":{"rendered":"T\u00e9l\u00e9thon 2021 &#8211; Rouvres la Ch\u00e9tive &#8211; Soir\u00e9e choucroute"},"content":{"rendered":"Vous devez \u00eatre connect\u00e9 pour voir ce contenu.","protected":false},"excerpt":{"rendered":"Vous devez \u00eatre connect\u00e9 pour voir ce contenu.","protected":false},"author":1,"featured_media":0,"parent":0,"menu_order":0,"comment_status":"closed","ping_status":"closed","template":"","meta":{"footnotes":""},"class_list":["post-2958","page","type-page","status-publish","hentry"],"_links":{"self":[{"href":"https:\/\/accroch-notes.fr\/index.php\/wp-json\/wp\/v2\/pages\/2958","targetHints":{"allow":["GET"]}}],"collection":[{"href":"https:\/\/accroch-notes.fr\/index.php\/wp-json\/wp\/v2\/pages"}],"about":[{"href":"https:\/\/accroch-notes.fr\/index.php\/wp-json\/wp\/v2\/types\/page"}],"author":[{"embeddable":true,"href":"https:\/\/accroch-notes.fr\/index.php\/wp-json\/wp\/v2\/users\/1"}],"replies":[{"embeddable":true,"href":"https:\/\/accroch-notes.fr\/index.php\/wp-json\/wp\/v2\/comments?post=2958"}],"version-history":[{"count":1,"href":"https:\/\/accroch-notes.fr\/index.php\/wp-json\/wp\/v2\/pages\/2958\/revisions"}],"predecessor-version":[{"id":2959,"href":"https:\/\/accroch-notes.fr\/index.php\/wp-json\/wp\/v2\/pages\/2958\/revisions\/2959"}],"wp:attachment":[{"href":"https:\/\/accroch-notes.fr\/index.php\/wp-json\/wp\/v2\/media?parent=2958"}],"curies":[{"name":"wp","href":"https:\/\/api.w.org\/{rel}","templated":true}]}}