{"id":187,"date":"2019-07-21T19:51:41","date_gmt":"2019-07-21T17:51:41","guid":{"rendered":"http:\/\/localhost\/?page_id=187"},"modified":"2020-04-12T10:44:00","modified_gmt":"2020-04-12T08:44:00","slug":"videos","status":"publish","type":"page","link":"https:\/\/accroch-notes.fr\/index.php\/videos\/","title":{"rendered":"Vid\u00e9os contemporaines"},"content":{"rendered":"Accroch&rsquo; Notes r\u00eave de libert\u00e9 &#8211; Landaville 26 mars 2019<a class=\"continue-reading-link\" href=\"https:\/\/accroch-notes.fr\/index.php\/videos\/\"><span>Lire la suite...<\/span><em class=\"screen-reader-text\">\"Vid\u00e9os contemporaines\"<\/em><i class=\"icon-angle-right\"><\/i><\/a>","protected":false},"excerpt":{"rendered":"<p>Accroch&rsquo; Notes r\u00eave de libert\u00e9 &#8211; Landaville 26 mars 2019Lire la suite&#8230;\u00a0\u00bbVid\u00e9os contemporaines\u00a0\u00bb<\/p>\n","protected":false},"author":1,"featured_media":0,"parent":0,"menu_order":0,"comment_status":"closed","ping_status":"closed","template":"","meta":{"footnotes":""},"class_list":["post-187","page","type-page","status-publish","hentry"],"_links":{"self":[{"href":"https:\/\/accroch-notes.fr\/index.php\/wp-json\/wp\/v2\/pages\/187","targetHints":{"allow":["GET"]}}],"collection":[{"href":"https:\/\/accroch-notes.fr\/index.php\/wp-json\/wp\/v2\/pages"}],"about":[{"href":"https:\/\/accroch-notes.fr\/index.php\/wp-json\/wp\/v2\/types\/page"}],"author":[{"embeddable":true,"href":"https:\/\/accroch-notes.fr\/index.php\/wp-json\/wp\/v2\/users\/1"}],"replies":[{"embeddable":true,"href":"https:\/\/accroch-notes.fr\/index.php\/wp-json\/wp\/v2\/comments?post=187"}],"version-history":[{"count":43,"href":"https:\/\/accroch-notes.fr\/index.php\/wp-json\/wp\/v2\/pages\/187\/revisions"}],"predecessor-version":[{"id":1572,"href":"https:\/\/accroch-notes.fr\/index.php\/wp-json\/wp\/v2\/pages\/187\/revisions\/1572"}],"wp:attachment":[{"href":"https:\/\/accroch-notes.fr\/index.php\/wp-json\/wp\/v2\/media?parent=187"}],"curies":[{"name":"wp","href":"https:\/\/api.w.org\/{rel}","templated":true}]}}